{"id":1635,"date":"2024-08-16T13:19:50","date_gmt":"2024-08-16T11:19:50","guid":{"rendered":"https:\/\/www.wosr.wrzesnia.pl\/?page_id=1635"},"modified":"2024-08-16T13:19:50","modified_gmt":"2024-08-16T11:19:50","slug":"osrodek-lipowka","status":"publish","type":"page","link":"https:\/\/wosr.wrzesnia.pl\/?page_id=1635","title":{"rendered":"O\u015brodek Lip\u00f3wka"},"content":{"rendered":"<p>[et_pb_section fb_built=&#8221;1&#8243; _builder_version=&#8221;4.27.0&#8243; _module_preset=&#8221;default&#8221; background_image=&#8221;https:\/\/www.wosr.wrzesnia.pl\/wp-content\/uploads\/2024\/08\/camping.jpg&#8221; background_size=&#8221;initial&#8221; background_position=&#8221;top_center&#8221; hover_enabled=&#8221;0&#8243; global_colors_info=&#8221;{}&#8221; theme_builder_area=&#8221;post_content&#8221; title_text=&#8221;camping&#8221; sticky_enabled=&#8221;0&#8243;][et_pb_row _builder_version=&#8221;4.27.0&#8243; _module_preset=&#8221;default&#8221; global_colors_info=&#8221;{}&#8221; theme_builder_area=&#8221;post_content&#8221;][et_pb_column type=&#8221;4_4&#8243; _builder_version=&#8221;4.27.0&#8243; _module_preset=&#8221;default&#8221; global_colors_info=&#8221;{}&#8221; theme_builder_area=&#8221;post_content&#8221;][et_pb_divider show_divider=&#8221;off&#8221; _builder_version=&#8221;4.27.0&#8243; _module_preset=&#8221;default&#8221; min_height=&#8221;200px&#8221; global_colors_info=&#8221;{}&#8221; theme_builder_area=&#8221;post_content&#8221;][\/et_pb_divider][\/et_pb_column][\/et_pb_row][\/et_pb_section][et_pb_section fb_built=&#8221;1&#8243; module_class=&#8221;role-overview&#8221; _builder_version=&#8221;4.16&#8243; _module_preset=&#8221;default&#8221; custom_css_main_element=&#8221;animation:.3s !Important;&#8221; global_colors_info=&#8221;{}&#8221; theme_builder_area=&#8221;post_content&#8221;][et_pb_row _builder_version=&#8221;4.27.0&#8243; _module_preset=&#8221;default&#8221; background_color=&#8221;rgba(4,88,168,0.05)&#8221; custom_padding=&#8221;|30px||30px|false|true&#8221; border_radii=&#8221;on|10px|10px|10px|10px&#8221; global_colors_info=&#8221;{}&#8221; theme_builder_area=&#8221;post_content&#8221;][et_pb_column type=&#8221;4_4&#8243; _builder_version=&#8221;4.16&#8243; _module_preset=&#8221;default&#8221; global_colors_info=&#8221;{}&#8221; theme_builder_area=&#8221;post_content&#8221;][et_pb_text _builder_version=&#8221;4.27.0&#8243; _module_preset=&#8221;default&#8221; text_line_height=&#8221;1.8em&#8221; hover_enabled=&#8221;0&#8243; global_colors_info=&#8221;{}&#8221; theme_builder_area=&#8221;post_content&#8221; sticky_enabled=&#8221;0&#8243;]<\/p>\n<p>Obiekt mie\u015bci si\u0119 we Wrze\u015bni przy ul. \u015awi\u0119tokrzyskiej 14-16. Na terenie O\u015brodka Lip\u00f3wka do dyspozycji go\u015bci znajduj\u0105 si\u0119:\u00a0<\/p>\n<h3>&#8211; domki typu \u201eBrda\u201d szt. 7<\/h3>\n<p>s\u0105 to domki drewniane z tarasem, dwupoziomowe, wyposa\u017cone w pomieszczenie kuchenne<br \/>i \u0142azienk\u0119 (prysznic-ciep\u0142a woda z bojlera elektrycznego, umywalka i w.c.), salon z dwoma pojedynczymi spaniami. Na pi\u0119trze znajduj\u0105 si\u0119 dwie 2 -osobowe sypialnie.<\/p>\n<h3>&#8211; pole namiotowe i stanowiska dla przyczep<\/h3>\n<p>wydzielone stanowiska, odgrodzone mi\u0119dzy sob\u0105 \u017cywop\u0142otami. Stanowiska s\u0105 wyposa\u017cone<br \/>w przy\u0142\u0105cza elektryczne. \u0141\u0105czna ilo\u015b\u0107 miejsc 10 stanowisk. Zaplecze sanitarne (prysznic, umywalka, w.c. ciep\u0142a woda), zaplecze kuchenne (zlewozmywak, piec elektryczny).<\/p>\n<h3>&#8211; \u0142\u0105ka rekreacyjna<\/h3>\n<p>wyposa\u017cona w murowany kr\u0105g ogniska o \u015br. 4 m., zadaszon\u0105 wiat\u0119 o powierzchni ok. 70 m2 oraz plac utwardzony poz-brukiem ok.120 m2.<\/p>\n<h3>&#8211; korty tenisowe, ceglane szt. 4<\/h3>\n<p>&nbsp;<\/p>\n<h3>&#8211; boiska sportowe<\/h3>\n<p>umo\u017cliwiaj\u0105 gr\u0119 w siatk\u00f3wk\u0119 pla\u017cow\u0105 (boisko z p\u0142ukanym \u017cwirem), koszyk\u00f3wk\u0119, pi\u0142k\u0119 r\u0119czn\u0105 i no\u017cn\u0105 (wsp\u00f3lne boisko z nawierzchni\u0105 asfaltow\u0105).<\/p>\n<p>Wszystkie obiekty mieszcz\u0105 si\u0119 na terenie ok.3,5 ha powierzchni, ogrodzonym, zaro\u015bni\u0119tym dopasowan\u0105 i zadban\u0105 zieleni\u0105. Drogi wewn\u0119trzne asfaltowe. W nocy teren jest o\u015bwietlony.<\/p>\n<p>&nbsp;<\/p>\n<p>O\u015brodek Lip\u00f3wka dzia\u0142a od roku\u00a0 1972.<\/p>\n<p>[\/et_pb_text][\/et_pb_column][\/et_pb_row][et_pb_row column_structure=&#8221;1_2,1_2&#8243; _builder_version=&#8221;4.27.0&#8243; _module_preset=&#8221;default&#8221; custom_margin=&#8221;30px|auto||auto|false|false&#8221; global_colors_info=&#8221;{}&#8221; theme_builder_area=&#8221;post_content&#8221;][et_pb_column type=&#8221;1_2&#8243; _builder_version=&#8221;4.27.0&#8243; _module_preset=&#8221;default&#8221; background_color=&#8221;rgba(4,88,168,0.22)&#8221; custom_padding=&#8221;55px|30px|30px|30px|false|true&#8221; border_radii=&#8221;on|10px|10px|10px|10px&#8221; global_colors_info=&#8221;{}&#8221; theme_builder_area=&#8221;post_content&#8221;][et_pb_text _builder_version=&#8221;4.27.0&#8243; _module_preset=&#8221;default&#8221; ol_font_size=&#8221;15px&#8221; ol_line_height=&#8221;2.2em&#8221; header_3_font=&#8221;|700|||||||&#8221; header_3_line_height=&#8221;0em&#8221; custom_margin=&#8221;||5px||false|false&#8221; hover_enabled=&#8221;0&#8243; locked=&#8221;off&#8221; global_colors_info=&#8221;{}&#8221; theme_builder_area=&#8221;post_content&#8221; sticky_enabled=&#8221;0&#8243;]<\/p>\n<h3>Czynny:<\/h3>\n<ul>\n<li>\n<pre>czynny od maja do pa\u017adziernika.<\/pre>\n<\/li>\n<\/ul>\n<p>[\/et_pb_text][\/et_pb_column][et_pb_column type=&#8221;1_2&#8243; _builder_version=&#8221;4.27.0&#8243; _module_preset=&#8221;default&#8221; background_color=&#8221;rgba(245,130,31,0.15)&#8221; custom_padding=&#8221;55px|30px|30px|30px|false|true&#8221; border_radii=&#8221;on|10px|10px|10px|10px&#8221; global_colors_info=&#8221;{}&#8221; theme_builder_area=&#8221;post_content&#8221;][et_pb_text _builder_version=&#8221;4.27.0&#8243; _module_preset=&#8221;default&#8221; ol_font_size=&#8221;15px&#8221; ol_line_height=&#8221;2.2em&#8221; header_3_font=&#8221;|700|||||||&#8221; header_3_line_height=&#8221;0em&#8221; custom_margin=&#8221;||5px||false|false&#8221; hover_enabled=&#8221;0&#8243; locked=&#8221;off&#8221; global_colors_info=&#8221;{}&#8221; theme_builder_area=&#8221;post_content&#8221; sticky_enabled=&#8221;0&#8243;]<\/p>\n<h3>Kontakt:<\/h3>\n<ul>\n<li>\n<p>O\u015brodek Lip\u00f3wka |Ul. \u015awi\u0119tokrzyska 14 &#8211; 16<\/p>\n<\/li>\n<li>\n<p>tel.\u00a0\u00a0 \u00a0\u00a0\u00a0 \u00a0061 437 00 45\u00a0 recepcja<\/p>\n<\/li>\n<li>\n<p>tel.\u00a0\u00a0 \u00a0\u00a0\u00a0 \u00a0504\u00a0\u00a0 16 93 80\u00a0 recepcja<\/p>\n<\/li>\n<\/ul>\n<p>[\/et_pb_text][\/et_pb_column][\/et_pb_row][et_pb_row _builder_version=&#8221;4.27.0&#8243; _module_preset=&#8221;default&#8221; global_colors_info=&#8221;{}&#8221; theme_builder_area=&#8221;post_content&#8221;][et_pb_column type=&#8221;4_4&#8243; _builder_version=&#8221;4.27.0&#8243; _module_preset=&#8221;default&#8221; global_colors_info=&#8221;{}&#8221; theme_builder_area=&#8221;post_content&#8221;][et_pb_text _builder_version=&#8221;4.27.0&#8243; _module_preset=&#8221;default&#8221; global_colors_info=&#8221;{}&#8221; theme_builder_area=&#8221;post_content&#8221;]<\/p>\n<h3 style=\"text-align: center;\">REGULAMINY<\/h3>\n<p>[\/et_pb_text][et_pb_button button_url=&#8221;@ET-DC@eyJkeW5hbWljIjp0cnVlLCJjb250ZW50IjoicG9zdF9saW5rX3VybF9wYWdlIiwic2V0dGluZ3MiOnsicG9zdF9pZCI6IjE1MTIifX0=@&#8221; button_text=&#8221;ZOBACZ REGULAMINY&#8221; button_alignment=&#8221;center&#8221; _builder_version=&#8221;4.27.0&#8243; _dynamic_attributes=&#8221;button_url&#8221; _module_preset=&#8221;default&#8221; global_module=&#8221;1529&#8243; global_colors_info=&#8221;{}&#8221; theme_builder_area=&#8221;post_content&#8221;][\/et_pb_button][\/et_pb_column][\/et_pb_row][\/et_pb_section][et_pb_section fb_built=&#8221;1&#8243; module_class=&#8221;application&#8221; _builder_version=&#8221;4.16&#8243; _module_preset=&#8221;default&#8221; custom_margin=&#8221;-3px|||||&#8221; custom_padding=&#8221;54px|||||&#8221; locked=&#8221;off&#8221; global_colors_info=&#8221;{}&#8221; theme_builder_area=&#8221;post_content&#8221;][et_pb_row _builder_version=&#8221;4.27.0&#8243; _module_preset=&#8221;default&#8221; hover_enabled=&#8221;0&#8243; global_colors_info=&#8221;{}&#8221; theme_builder_area=&#8221;post_content&#8221; sticky_enabled=&#8221;0&#8243;][et_pb_column type=&#8221;4_4&#8243; _builder_version=&#8221;4.27.0&#8243; _module_preset=&#8221;default&#8221; global_colors_info=&#8221;{}&#8221; theme_builder_area=&#8221;post_content&#8221;][et_pb_gallery gallery_ids=&#8221;1638,1639,1641,1642&#8243; posts_number=&#8221;8&#8243; show_title_and_caption=&#8221;off&#8221; _builder_version=&#8221;4.27.0&#8243; _module_preset=&#8221;default&#8221; hover_enabled=&#8221;0&#8243; global_colors_info=&#8221;{}&#8221; theme_builder_area=&#8221;post_content&#8221; sticky_enabled=&#8221;0&#8243;][\/et_pb_gallery][\/et_pb_column][\/et_pb_row][\/et_pb_section]<\/p>\n","protected":false},"excerpt":{"rendered":"<p>Obiekt mie\u015bci si\u0119 we Wrze\u015bni przy ul. \u015awi\u0119tokrzyskiej 14-16. Na terenie O\u015brodka Lip\u00f3wka do dyspozycji go\u015bci znajduj\u0105 si\u0119:\u00a0 &#8211; domki typu \u201eBrda\u201d szt. 7 s\u0105 to domki drewniane z tarasem, dwupoziomowe, wyposa\u017cone w pomieszczenie kuchennei \u0142azienk\u0119 (prysznic-ciep\u0142a woda z bojlera elektrycznego, umywalka i w.c.), salon z dwoma pojedynczymi spaniami. Na pi\u0119trze znajduj\u0105 si\u0119 dwie 2 [&hellip;]<\/p>\n","protected":false},"author":1,"featured_media":0,"parent":0,"menu_order":0,"comment_status":"closed","ping_status":"closed","template":"","meta":{"_et_pb_use_builder":"on","_et_pb_old_content":"","_et_gb_content_width":"","footnotes":""},"class_list":["post-1635","page","type-page","status-publish","hentry"],"_links":{"self":[{"href":"https:\/\/wosr.wrzesnia.pl\/index.php?rest_route=\/wp\/v2\/pages\/1635","targetHints":{"allow":["GET"]}}],"collection":[{"href":"https:\/\/wosr.wrzesnia.pl\/index.php?rest_route=\/wp\/v2\/pages"}],"about":[{"href":"https:\/\/wosr.wrzesnia.pl\/index.php?rest_route=\/wp\/v2\/types\/page"}],"author":[{"embeddable":true,"href":"https:\/\/wosr.wrzesnia.pl\/index.php?rest_route=\/wp\/v2\/users\/1"}],"replies":[{"embeddable":true,"href":"https:\/\/wosr.wrzesnia.pl\/index.php?rest_route=%2Fwp%2Fv2%2Fcomments&post=1635"}],"version-history":[{"count":2,"href":"https:\/\/wosr.wrzesnia.pl\/index.php?rest_route=\/wp\/v2\/pages\/1635\/revisions"}],"predecessor-version":[{"id":1643,"href":"https:\/\/wosr.wrzesnia.pl\/index.php?rest_route=\/wp\/v2\/pages\/1635\/revisions\/1643"}],"wp:attachment":[{"href":"https:\/\/wosr.wrzesnia.pl\/index.php?rest_route=%2Fwp%2Fv2%2Fmedia&parent=1635"}],"curies":[{"name":"wp","href":"https:\/\/api.w.org\/{rel}","templated":true}]}}