{"id":1533,"date":"2024-08-16T12:23:50","date_gmt":"2024-08-16T10:23:50","guid":{"rendered":"https:\/\/www.wosr.wrzesnia.pl\/?page_id=1533"},"modified":"2024-08-16T12:28:51","modified_gmt":"2024-08-16T10:28:51","slug":"tor-rowerowy","status":"publish","type":"page","link":"https:\/\/wosr.wrzesnia.pl\/?page_id=1533","title":{"rendered":"Tor rowerowy"},"content":{"rendered":"<p>[et_pb_section fb_built=&#8221;1&#8243; _builder_version=&#8221;4.27.0&#8243; _module_preset=&#8221;default&#8221; background_image=&#8221;https:\/\/www.wosr.wrzesnia.pl\/wp-content\/uploads\/2024\/08\/tor_rowerowy_2.jpg&#8221; background_size=&#8221;initial&#8221; background_position=&#8221;top_center&#8221; hover_enabled=&#8221;0&#8243; global_colors_info=&#8221;{}&#8221; title_text=&#8221;tor_rowerowy_2&#8243; sticky_enabled=&#8221;0&#8243;][et_pb_row _builder_version=&#8221;4.27.0&#8243; _module_preset=&#8221;default&#8221; global_colors_info=&#8221;{}&#8221;][et_pb_column type=&#8221;4_4&#8243; _builder_version=&#8221;4.27.0&#8243; _module_preset=&#8221;default&#8221; global_colors_info=&#8221;{}&#8221;][et_pb_divider show_divider=&#8221;off&#8221; _builder_version=&#8221;4.27.0&#8243; _module_preset=&#8221;default&#8221; min_height=&#8221;200px&#8221; global_colors_info=&#8221;{}&#8221;][\/et_pb_divider][\/et_pb_column][\/et_pb_row][\/et_pb_section][et_pb_section fb_built=&#8221;1&#8243; module_class=&#8221;role-overview&#8221; _builder_version=&#8221;4.16&#8243; _module_preset=&#8221;default&#8221; custom_css_main_element=&#8221;animation:.3s !Important;&#8221; global_colors_info=&#8221;{}&#8221;][et_pb_row _builder_version=&#8221;4.27.0&#8243; _module_preset=&#8221;default&#8221; background_color=&#8221;rgba(4,88,168,0.05)&#8221; custom_padding=&#8221;|30px||30px|false|true&#8221; border_radii=&#8221;on|10px|10px|10px|10px&#8221; global_colors_info=&#8221;{}&#8221;][et_pb_column type=&#8221;4_4&#8243; _builder_version=&#8221;4.16&#8243; _module_preset=&#8221;default&#8221; global_colors_info=&#8221;{}&#8221;][et_pb_text _builder_version=&#8221;4.27.0&#8243; _module_preset=&#8221;default&#8221; text_line_height=&#8221;1.8em&#8221; global_colors_info=&#8221;{}&#8221;]<\/p>\n<p>Obiekt jest zlokalizowany przy ul. Dzia\u0142kowc\u00f3w we Wrze\u015bni. Jest oparty o lasek \u201eMa\u0142pi Gaj\u201d.<\/p>\n<p>To sztucznie usypany i uformowany tor do jazdy i wy\u015bcig\u00f3w w kolarstwie g\u00f3rskim. Do budowy zu\u017cyto ponad 1500 wywrotek ziemi. \u00a0<br \/>Obiekt posiada dwie p\u0119tle wy\u015bcigowe.<\/p>\n<p><span>Du\u017ca p\u0119tla to trasa o d\u0142ugo\u015bci 4200 m, ma\u0142a 2100 m.<\/span><\/p>\n<p>Dodatkowo podczas wy\u015bcig\u00f3w og\u00f3lnokrajowych zawodnicy maj\u0105 do dyspozycji 500 m p\u0119tl\u0119 rozjazdow\u0105.<\/p>\n<p>Trasa bezpieczna, szeroka o charakterystyce interwa\u0142owej. Du\u017c\u0105 zalet\u0105 obiektu jest fakt, \u017ce wy\u015bcigi na po\u0142owie trasy mo\u017cna obserwowa\u0107 nie przemieszczaj\u0105c si\u0119 z miejsca startu.<\/p>\n<p>[\/et_pb_text][et_pb_video src=&#8221;https:\/\/youtu.be\/sIbqQT9wG1w&#8221; _builder_version=&#8221;4.27.0&#8243; _module_preset=&#8221;default&#8221; global_colors_info=&#8221;{}&#8221;][\/et_pb_video][et_pb_video src=&#8221;https:\/\/youtu.be\/EiIteT6jwxo&#8221; _builder_version=&#8221;4.27.0&#8243; _module_preset=&#8221;default&#8221; global_colors_info=&#8221;{}&#8221;][\/et_pb_video][et_pb_video src=&#8221;https:\/\/youtu.be\/U_gav7go1LI&#8221; _builder_version=&#8221;4.27.0&#8243; _module_preset=&#8221;default&#8221; global_colors_info=&#8221;{}&#8221;][\/et_pb_video][\/et_pb_column][\/et_pb_row][et_pb_row column_structure=&#8221;1_2,1_2&#8243; _builder_version=&#8221;4.27.0&#8243; _module_preset=&#8221;default&#8221; custom_margin=&#8221;30px|auto||auto|false|false&#8221; global_colors_info=&#8221;{}&#8221;][et_pb_column type=&#8221;1_2&#8243; _builder_version=&#8221;4.27.0&#8243; _module_preset=&#8221;default&#8221; background_color=&#8221;rgba(4,88,168,0.22)&#8221; custom_padding=&#8221;55px|30px|30px|30px|false|true&#8221; border_radii=&#8221;on|10px|10px|10px|10px&#8221; global_colors_info=&#8221;{}&#8221;][et_pb_text _builder_version=&#8221;4.27.0&#8243; _module_preset=&#8221;default&#8221; ol_font_size=&#8221;15px&#8221; ol_line_height=&#8221;2.2em&#8221; header_3_font=&#8221;|700|||||||&#8221; header_3_line_height=&#8221;0em&#8221; custom_margin=&#8221;||5px||false|false&#8221; locked=&#8221;off&#8221; global_colors_info=&#8221;{}&#8221;]<\/p>\n<h3>Czynny:<\/h3>\n<ul>\n<li>od 8 do zmierzchu<\/li>\n<\/ul>\n<p>[\/et_pb_text][\/et_pb_column][et_pb_column type=&#8221;1_2&#8243; _builder_version=&#8221;4.27.0&#8243; _module_preset=&#8221;default&#8221; background_color=&#8221;rgba(245,130,31,0.15)&#8221; custom_padding=&#8221;55px|30px|30px|30px|false|true&#8221; border_radii=&#8221;on|10px|10px|10px|10px&#8221; global_colors_info=&#8221;{}&#8221;][et_pb_text _builder_version=&#8221;4.27.0&#8243; _module_preset=&#8221;default&#8221; ol_font_size=&#8221;15px&#8221; ol_line_height=&#8221;2.2em&#8221; header_3_font=&#8221;|700|||||||&#8221; header_3_line_height=&#8221;0em&#8221; custom_margin=&#8221;||5px||false|false&#8221; locked=&#8221;off&#8221; global_colors_info=&#8221;{}&#8221;]<\/p>\n<h3>Kontakt:<\/h3>\n<ul>\n<li><span>Ul. Gnie\u017anie\u0144ska 32a <\/span><span>62 \u2013 300 Wrze\u015bnia<\/span><\/li>\n<li><span>tel.\u00a0 <a href=\"tel:%20+48\u00a061\u00a0436 05 52\">\u00a061\u00a0 436 05 52<\/a><\/span><\/li>\n<\/ul>\n<p>[\/et_pb_text][\/et_pb_column][\/et_pb_row][et_pb_row _builder_version=&#8221;4.27.0&#8243; _module_preset=&#8221;default&#8221; global_colors_info=&#8221;{}&#8221;][et_pb_column type=&#8221;4_4&#8243; _builder_version=&#8221;4.27.0&#8243; _module_preset=&#8221;default&#8221; global_colors_info=&#8221;{}&#8221;][et_pb_text _builder_version=&#8221;4.27.0&#8243; _module_preset=&#8221;default&#8221; global_colors_info=&#8221;{}&#8221;]<\/p>\n<h3 style=\"text-align: center;\">REGULAMINY<\/h3>\n<p>[\/et_pb_text][et_pb_button button_url=&#8221;@ET-DC@eyJkeW5hbWljIjp0cnVlLCJjb250ZW50IjoicG9zdF9saW5rX3VybF9wYWdlIiwic2V0dGluZ3MiOnsicG9zdF9pZCI6IjE1MTIifX0=@&#8221; button_text=&#8221;ZOBACZ REGULAMINY&#8221; button_alignment=&#8221;center&#8221; _builder_version=&#8221;4.27.0&#8243; _dynamic_attributes=&#8221;button_url&#8221; _module_preset=&#8221;default&#8221; global_module=&#8221;1529&#8243; global_colors_info=&#8221;{}&#8221;][\/et_pb_button][\/et_pb_column][\/et_pb_row][\/et_pb_section][et_pb_section fb_built=&#8221;1&#8243; module_class=&#8221;application&#8221; _builder_version=&#8221;4.16&#8243; _module_preset=&#8221;default&#8221; custom_margin=&#8221;-3px|||||&#8221; custom_padding=&#8221;54px|||||&#8221; locked=&#8221;off&#8221; global_colors_info=&#8221;{}&#8221;][et_pb_row _builder_version=&#8221;4.27.0&#8243; _module_preset=&#8221;default&#8221; global_colors_info=&#8221;{}&#8221;][et_pb_column type=&#8221;4_4&#8243; _builder_version=&#8221;4.27.0&#8243; _module_preset=&#8221;default&#8221; global_colors_info=&#8221;{}&#8221;][et_pb_gallery gallery_ids=&#8221;1555,1556,1557,1558,1559,1560,1561,1562,1563,1564,1565,1566,1567,1568,1569,1570,1571,1572,1573,1574,1575,1576,1577,1578,1579,1580,1581,1582,1583&#8243; posts_number=&#8221;8&#8243; show_title_and_caption=&#8221;off&#8221; _builder_version=&#8221;4.27.0&#8243; _module_preset=&#8221;default&#8221; hover_enabled=&#8221;0&#8243; global_colors_info=&#8221;{}&#8221; sticky_enabled=&#8221;0&#8243;][\/et_pb_gallery][\/et_pb_column][\/et_pb_row][\/et_pb_section]<\/p>\n","protected":false},"excerpt":{"rendered":"<p>Obiekt jest zlokalizowany przy ul. Dzia\u0142kowc\u00f3w we Wrze\u015bni. Jest oparty o lasek \u201eMa\u0142pi Gaj\u201d. To sztucznie usypany i uformowany tor do jazdy i wy\u015bcig\u00f3w w kolarstwie g\u00f3rskim. Do budowy zu\u017cyto ponad 1500 wywrotek ziemi. \u00a0Obiekt posiada dwie p\u0119tle wy\u015bcigowe. Du\u017ca p\u0119tla to trasa o d\u0142ugo\u015bci 4200 m, ma\u0142a 2100 m. Dodatkowo podczas wy\u015bcig\u00f3w og\u00f3lnokrajowych zawodnicy [&hellip;]<\/p>\n","protected":false},"author":1,"featured_media":0,"parent":0,"menu_order":0,"comment_status":"closed","ping_status":"closed","template":"","meta":{"_et_pb_use_builder":"on","_et_pb_old_content":"","_et_gb_content_width":"","footnotes":""},"class_list":["post-1533","page","type-page","status-publish","hentry"],"_links":{"self":[{"href":"https:\/\/wosr.wrzesnia.pl\/index.php?rest_route=\/wp\/v2\/pages\/1533","targetHints":{"allow":["GET"]}}],"collection":[{"href":"https:\/\/wosr.wrzesnia.pl\/index.php?rest_route=\/wp\/v2\/pages"}],"about":[{"href":"https:\/\/wosr.wrzesnia.pl\/index.php?rest_route=\/wp\/v2\/types\/page"}],"author":[{"embeddable":true,"href":"https:\/\/wosr.wrzesnia.pl\/index.php?rest_route=\/wp\/v2\/users\/1"}],"replies":[{"embeddable":true,"href":"https:\/\/wosr.wrzesnia.pl\/index.php?rest_route=%2Fwp%2Fv2%2Fcomments&post=1533"}],"version-history":[{"count":3,"href":"https:\/\/wosr.wrzesnia.pl\/index.php?rest_route=\/wp\/v2\/pages\/1533\/revisions"}],"predecessor-version":[{"id":1584,"href":"https:\/\/wosr.wrzesnia.pl\/index.php?rest_route=\/wp\/v2\/pages\/1533\/revisions\/1584"}],"wp:attachment":[{"href":"https:\/\/wosr.wrzesnia.pl\/index.php?rest_route=%2Fwp%2Fv2%2Fmedia&parent=1533"}],"curies":[{"name":"wp","href":"https:\/\/api.w.org\/{rel}","templated":true}]}}