{"id":1512,"date":"2024-08-16T11:41:12","date_gmt":"2024-08-16T09:41:12","guid":{"rendered":"https:\/\/www.wosr.wrzesnia.pl\/?page_id=1512"},"modified":"2024-08-18T10:37:17","modified_gmt":"2024-08-18T08:37:17","slug":"regulaminy-obiektow","status":"publish","type":"page","link":"https:\/\/wosr.wrzesnia.pl\/?page_id=1512","title":{"rendered":"Regulaminy obiekt\u00f3w"},"content":{"rendered":"\n[et_pb_section][et_pb_row][et_pb_column type=&#8221;4_4&#8243;][et_pb_text]<!-- divi:heading -->\n<h2 class=\"wp-block-heading\"><strong>BASEN MIEJSKI \u2013 LODOWISKO<\/strong><\/h2>\n<!-- \/divi:heading -->\n\n<!-- divi:file {\"id\":1509,\"href\":\"https:\/\/www.wosr.wrzesnia.pl\/wp-content\/uploads\/2024\/08\/r01.pdf\",\"displayPreview\":false} -->\n<div class=\"wp-block-file\"><a id=\"wp-block-file--media-cc029ca6-d5fa-419c-869e-0cac4558dd24\" href=\"https:\/\/www.wosr.wrzesnia.pl\/wp-content\/uploads\/2024\/08\/r01.pdf\">Regulamin korzystania z obiektu Basen Miejski \u0141azienki &#8211; 99 Kb<\/a><a href=\"https:\/\/www.wosr.wrzesnia.pl\/wp-content\/uploads\/2024\/08\/r01.pdf\" class=\"wp-block-file__button wp-element-button\" download aria-describedby=\"wp-block-file--media-cc029ca6-d5fa-419c-869e-0cac4558dd24\">Pobierz<\/a><\/div>\n<!-- \/divi:file -->\n\n<!-- divi:file {\"id\":1513,\"href\":\"https:\/\/www.wosr.wrzesnia.pl\/wp-content\/uploads\/2024\/08\/REGULAMIN_LODOWISKA-1.pdf\",\"displayPreview\":false} -->\n<div class=\"wp-block-file\"><a id=\"wp-block-file--media-18cdc367-3c70-46b3-a60c-27b7332c0cb5\" href=\"https:\/\/www.wosr.wrzesnia.pl\/wp-content\/uploads\/2024\/08\/REGULAMIN_LODOWISKA-1.pdf\">Regulamin korzystania z obiektu Lodowisko &#8211; 51 Kb<\/a><a href=\"https:\/\/www.wosr.wrzesnia.pl\/wp-content\/uploads\/2024\/08\/REGULAMIN_LODOWISKA-1.pdf\" class=\"wp-block-file__button wp-element-button\" download aria-describedby=\"wp-block-file--media-18cdc367-3c70-46b3-a60c-27b7332c0cb5\">Pobierz<\/a><\/div>\n<!-- \/divi:file -->\n\n<!-- divi:heading -->\n<h2 class=\"wp-block-heading\"><strong>STADION MIEJSKI<\/strong><\/h2>\n<!-- \/divi:heading -->\n\n<!-- divi:file {\"id\":1514,\"href\":\"https:\/\/www.wosr.wrzesnia.pl\/wp-content\/uploads\/2024\/08\/r02.pdf\",\"displayPreview\":false} -->\n<div class=\"wp-block-file\"><a id=\"wp-block-file--media-d70fc3c0-e3c3-4276-9d36-bb279329ab66\" href=\"https:\/\/www.wosr.wrzesnia.pl\/wp-content\/uploads\/2024\/08\/r02.pdf\">Regulamin Stadionu Miejskiego &#8211; 135 Kb<\/a><a href=\"https:\/\/www.wosr.wrzesnia.pl\/wp-content\/uploads\/2024\/08\/r02.pdf\" class=\"wp-block-file__button wp-element-button\" download aria-describedby=\"wp-block-file--media-d70fc3c0-e3c3-4276-9d36-bb279329ab66\">Pobierz<\/a><\/div>\n<!-- \/divi:file -->\n\n<!-- divi:heading -->\n<h2 class=\"wp-block-heading\"><strong>KORTY TENISOWE<\/strong><\/h2>\n<!-- \/divi:heading -->\n\n<!-- divi:file {\"id\":1515,\"href\":\"https:\/\/www.wosr.wrzesnia.pl\/wp-content\/uploads\/2024\/08\/REGULAMIN_KORTOW.pdf\",\"displayPreview\":false} -->\n<div class=\"wp-block-file\"><a id=\"wp-block-file--media-2cff8365-8cff-4391-905f-3108f540a16a\" href=\"https:\/\/www.wosr.wrzesnia.pl\/wp-content\/uploads\/2024\/08\/REGULAMIN_KORTOW.pdf\">Regulamin kort\u00f3w tenisowych &#8211; 62 Kb<\/a><a href=\"https:\/\/www.wosr.wrzesnia.pl\/wp-content\/uploads\/2024\/08\/REGULAMIN_KORTOW.pdf\" class=\"wp-block-file__button wp-element-button\" download aria-describedby=\"wp-block-file--media-2cff8365-8cff-4391-905f-3108f540a16a\">Pobierz<\/a><\/div>\n<!-- \/divi:file -->\n\n<!-- divi:heading -->\n<h2 class=\"wp-block-heading\"><strong>TOR ROWEROWY<\/strong><\/h2>\n<!-- \/divi:heading -->\n\n<!-- divi:file {\"id\":1516,\"href\":\"https:\/\/www.wosr.wrzesnia.pl\/wp-content\/uploads\/2024\/08\/r04.pdf\",\"displayPreview\":false} -->\n<div class=\"wp-block-file\"><a id=\"wp-block-file--media-cc7ebdca-100b-4e66-aa64-d321d817a625\" href=\"https:\/\/www.wosr.wrzesnia.pl\/wp-content\/uploads\/2024\/08\/r04.pdf\">Regulamin Toru rowerowego Ma\u0142pi Gaj &#8211; 809 Kb<\/a><a href=\"https:\/\/www.wosr.wrzesnia.pl\/wp-content\/uploads\/2024\/08\/r04.pdf\" class=\"wp-block-file__button wp-element-button\" download aria-describedby=\"wp-block-file--media-cc7ebdca-100b-4e66-aa64-d321d817a625\">Pobierz<\/a><\/div>\n<!-- \/divi:file -->\n\n<!-- divi:file {\"id\":1517,\"href\":\"https:\/\/www.wosr.wrzesnia.pl\/wp-content\/uploads\/2024\/08\/r04_tr_mtb.pdf\",\"displayPreview\":false} -->\n<div class=\"wp-block-file\"><a id=\"wp-block-file--media-566f0e1e-7ad8-4d5a-917a-b8c62cdfbd17\" href=\"https:\/\/www.wosr.wrzesnia.pl\/wp-content\/uploads\/2024\/08\/r04_tr_mtb.pdf\">Trasy wy\u015bcig\u00f3w &#8211; 374 Kb<\/a><a href=\"https:\/\/www.wosr.wrzesnia.pl\/wp-content\/uploads\/2024\/08\/r04_tr_mtb.pdf\" class=\"wp-block-file__button wp-element-button\" download aria-describedby=\"wp-block-file--media-566f0e1e-7ad8-4d5a-917a-b8c62cdfbd17\">Pobierz<\/a><\/div>\n<!-- \/divi:file -->\n\n<!-- divi:file {\"id\":1518,\"href\":\"https:\/\/www.wosr.wrzesnia.pl\/wp-content\/uploads\/2024\/08\/r04_plan.pdf\",\"displayPreview\":false} -->\n<div class=\"wp-block-file\"><a id=\"wp-block-file--media-df10cccc-9c5c-40ab-9898-25083a99383d\" href=\"https:\/\/www.wosr.wrzesnia.pl\/wp-content\/uploads\/2024\/08\/r04_plan.pdf\">Plan g\u00f3rek &#8211; 281 Kb<\/a><a href=\"https:\/\/www.wosr.wrzesnia.pl\/wp-content\/uploads\/2024\/08\/r04_plan.pdf\" class=\"wp-block-file__button wp-element-button\" download aria-describedby=\"wp-block-file--media-df10cccc-9c5c-40ab-9898-25083a99383d\">Pobierz<\/a><\/div>\n<!-- \/divi:file -->\n\n<!-- divi:heading -->\n<h2 class=\"wp-block-heading\"><strong>SKATE &#8211; PARK<\/strong><\/h2>\n<!-- \/divi:heading -->\n\n<!-- divi:file {\"id\":1519,\"href\":\"https:\/\/www.wosr.wrzesnia.pl\/wp-content\/uploads\/2024\/08\/r05.pdf\",\"displayPreview\":false} -->\n<div class=\"wp-block-file\"><a id=\"wp-block-file--media-2e61a8a3-41c1-4c83-a40b-4b2a6e6d771a\" href=\"https:\/\/www.wosr.wrzesnia.pl\/wp-content\/uploads\/2024\/08\/r05.pdf\">Regulamin Skate-Parku &#8211; 55 Kb<\/a><a href=\"https:\/\/www.wosr.wrzesnia.pl\/wp-content\/uploads\/2024\/08\/r05.pdf\" class=\"wp-block-file__button wp-element-button\" download aria-describedby=\"wp-block-file--media-2e61a8a3-41c1-4c83-a40b-4b2a6e6d771a\">Pobierz<\/a><\/div>\n<!-- \/divi:file -->\n\n<!-- divi:heading -->\n<h2 class=\"wp-block-heading\"><strong>O\u015brodek Lip\u00f3wka<\/strong><\/h2>\n<!-- \/divi:heading -->\n\n<!-- divi:file {\"id\":1522,\"href\":\"https:\/\/www.wosr.wrzesnia.pl\/wp-content\/uploads\/2024\/08\/REGULAMIN-OSRODKA-LIPOWKA-I.pdf\",\"displayPreview\":false} -->\n<div class=\"wp-block-file\"><a id=\"wp-block-file--media-2eeff82b-3e5c-4a10-a36a-fa998d613267\" href=\"https:\/\/www.wosr.wrzesnia.pl\/wp-content\/uploads\/2024\/08\/REGULAMIN-OSRODKA-LIPOWKA-I.pdf\">REGULAMIN OSRODKA LIPOWKA I &#8211; 400 Kb<\/a><a href=\"https:\/\/www.wosr.wrzesnia.pl\/wp-content\/uploads\/2024\/08\/REGULAMIN-OSRODKA-LIPOWKA-I.pdf\" class=\"wp-block-file__button wp-element-button\" download aria-describedby=\"wp-block-file--media-2eeff82b-3e5c-4a10-a36a-fa998d613267\">Pobierz<\/a><\/div>\n<!-- \/divi:file -->\n\n<!-- divi:file {\"id\":1523,\"href\":\"https:\/\/www.wosr.wrzesnia.pl\/wp-content\/uploads\/2024\/08\/REGULAMIN-OSRODKA-LIPOWKA-II.pdf\",\"displayPreview\":false} -->\n<div class=\"wp-block-file\"><a id=\"wp-block-file--media-70d62b07-25e5-497b-b299-78d09fd1369a\" href=\"https:\/\/www.wosr.wrzesnia.pl\/wp-content\/uploads\/2024\/08\/REGULAMIN-OSRODKA-LIPOWKA-II.pdf\">REGULAMIN OSRODKA LIPOWKA II &#8211; 400 Kb<\/a><a href=\"https:\/\/www.wosr.wrzesnia.pl\/wp-content\/uploads\/2024\/08\/REGULAMIN-OSRODKA-LIPOWKA-II.pdf\" class=\"wp-block-file__button wp-element-button\" download aria-describedby=\"wp-block-file--media-70d62b07-25e5-497b-b299-78d09fd1369a\">Pobierz<\/a><\/div>\n<!-- \/divi:file -->\n\n<!-- divi:file {\"id\":1524,\"href\":\"https:\/\/www.wosr.wrzesnia.pl\/wp-content\/uploads\/2024\/08\/REGULAMIN_KORTOW-1.pdf\",\"displayPreview\":false} -->\n<div class=\"wp-block-file\"><a id=\"wp-block-file--media-b07ed4eb-2567-4b3a-a8b4-4bf4a831dadb\" href=\"https:\/\/www.wosr.wrzesnia.pl\/wp-content\/uploads\/2024\/08\/REGULAMIN_KORTOW-1.pdf\">REGULAMIN_KORTOW &#8211; 800 Kb<\/a><a href=\"https:\/\/www.wosr.wrzesnia.pl\/wp-content\/uploads\/2024\/08\/REGULAMIN_KORTOW-1.pdf\" class=\"wp-block-file__button wp-element-button\" download aria-describedby=\"wp-block-file--media-b07ed4eb-2567-4b3a-a8b4-4bf4a831dadb\">Pobierz<\/a><\/div>\n<!-- \/divi:file -->\n\n<!-- divi:file {\"id\":1525,\"href\":\"https:\/\/www.wosr.wrzesnia.pl\/wp-content\/uploads\/2024\/08\/REGULAMIN-LAKI-REKREACYJNEJ.pdf\",\"displayPreview\":false} -->\n<div class=\"wp-block-file\"><a id=\"wp-block-file--media-c9f4da1d-7507-47f7-b640-b4236efc0173\" href=\"https:\/\/www.wosr.wrzesnia.pl\/wp-content\/uploads\/2024\/08\/REGULAMIN-LAKI-REKREACYJNEJ.pdf\">REGULAMIN \u0141AKI REKREACYJNEJ &#8211; 470 Kb<\/a><a href=\"https:\/\/www.wosr.wrzesnia.pl\/wp-content\/uploads\/2024\/08\/REGULAMIN-LAKI-REKREACYJNEJ.pdf\" class=\"wp-block-file__button wp-element-button\" download aria-describedby=\"wp-block-file--media-c9f4da1d-7507-47f7-b640-b4236efc0173\">Pobierz<\/a><\/div>\n<!-- \/divi:file -->\n\n<!-- divi:heading -->\n<h2 class=\"wp-block-heading\"><strong>STADION PSARY POLSKIE i SOKO\u0141OWO<\/strong><\/h2>\n<!-- \/divi:heading -->\n\n<!-- divi:file {\"id\":1526,\"href\":\"https:\/\/www.wosr.wrzesnia.pl\/wp-content\/uploads\/2024\/08\/REG_PSARY_POLSKIE.pdf\",\"displayPreview\":false} -->\n<div class=\"wp-block-file\"><a id=\"wp-block-file--media-a9f1595f-de00-435b-8c70-bf17c9905268\" href=\"https:\/\/www.wosr.wrzesnia.pl\/wp-content\/uploads\/2024\/08\/REG_PSARY_POLSKIE.pdf\">Regulamin stadionu PSARY POLSKIE 67 Kb<\/a><a href=\"https:\/\/www.wosr.wrzesnia.pl\/wp-content\/uploads\/2024\/08\/REG_PSARY_POLSKIE.pdf\" class=\"wp-block-file__button wp-element-button\" download aria-describedby=\"wp-block-file--media-a9f1595f-de00-435b-8c70-bf17c9905268\">Pobierz<\/a><\/div>\n<!-- \/divi:file -->\n\n<!-- divi:file {\"id\":1527,\"href\":\"https:\/\/www.wosr.wrzesnia.pl\/wp-content\/uploads\/2024\/08\/REGULAMIN_SOKOLOWO.pdf\",\"displayPreview\":false} -->\n<div class=\"wp-block-file\"><a id=\"wp-block-file--media-b8a2512d-61c8-47c4-be57-8e95a7ddc6d3\" href=\"https:\/\/www.wosr.wrzesnia.pl\/wp-content\/uploads\/2024\/08\/REGULAMIN_SOKOLOWO.pdf\">Regulamin stadionu SOKO\u0141OWO 970 Kb<\/a><a href=\"https:\/\/www.wosr.wrzesnia.pl\/wp-content\/uploads\/2024\/08\/REGULAMIN_SOKOLOWO.pdf\" class=\"wp-block-file__button wp-element-button\" download aria-describedby=\"wp-block-file--media-b8a2512d-61c8-47c4-be57-8e95a7ddc6d3\">Pobierz<\/a><\/div>\n<!-- \/divi:file -->[\/et_pb_text][\/et_pb_column][\/et_pb_row][\/et_pb_section]\n","protected":false},"excerpt":{"rendered":"<p><div class=\"et_pb_section et_pb_section_0 et_section_regular\" >\n\t\t\t\t\n\t\t\t\t\n\t\t\t\t\n\t\t\t\t\n\t\t\t\t\n\t\t\t\t\n\t\t\t\t\n\t\t\t\t\n\t\t\t\t\n\t\t\t<\/div><div class=\"et_pb_row et_pb_row_0 et_pb_row_empty\">\n\t\t\t\t\n\t\t\t\t\n\t\t\t\t\n\t\t\t\t\n\t\t\t\t\n\t\t\t<\/div><div class=\"et_pb_module et_pb_text et_pb_text_0  et_pb_text_align_left et_pb_bg_layout_light\">\n\t\t\t\t\n\t\t\t\t\n\t\t\t\t\n\t\t\t\t\n\t\t\t\t\n\t\t\t<\/div> BASEN MIEJSKI \u2013 LODOWISKO Regulamin korzystania z obiektu Basen Miejski \u0141azienki &#8211; 99 KbPobierz Regulamin korzystania z obiektu Lodowisko &#8211; 51 KbPobierz STADION MIEJSKI Regulamin Stadionu Miejskiego &#8211; 135 KbPobierz KORTY TENISOWE Regulamin kort\u00f3w tenisowych &#8211; 62 KbPobierz TOR ROWEROWY Regulamin Toru rowerowego Ma\u0142pi Gaj &#8211; 809 KbPobierz Trasy wy\u015bcig\u00f3w &#8211; 374 KbPobierz Plan [&hellip;]<\/p>\n","protected":false},"author":1,"featured_media":0,"parent":0,"menu_order":0,"comment_status":"closed","ping_status":"closed","template":"","meta":{"_et_pb_use_builder":"on","_et_pb_old_content":"<!-- wp:heading -->\n<h2 class=\"wp-block-heading\"><strong>BASEN MIEJSKI \u2013 LODOWISKO<\/strong><\/h2>\n<!-- \/wp:heading -->\n\n<!-- wp:file {\"id\":1509,\"href\":\"https:\/\/www.wosr.wrzesnia.pl\/wp-content\/uploads\/2024\/08\/r01.pdf\",\"displayPreview\":false} -->\n<div class=\"wp-block-file\"><a id=\"wp-block-file--media-cc029ca6-d5fa-419c-869e-0cac4558dd24\" href=\"https:\/\/www.wosr.wrzesnia.pl\/wp-content\/uploads\/2024\/08\/r01.pdf\">Regulamin korzystania z obiektu Basen Miejski \u0141azienki - 99 Kb<\/a><a href=\"https:\/\/www.wosr.wrzesnia.pl\/wp-content\/uploads\/2024\/08\/r01.pdf\" class=\"wp-block-file__button wp-element-button\" download aria-describedby=\"wp-block-file--media-cc029ca6-d5fa-419c-869e-0cac4558dd24\">Pobierz<\/a><\/div>\n<!-- \/wp:file -->\n\n<!-- wp:file {\"id\":1513,\"href\":\"https:\/\/www.wosr.wrzesnia.pl\/wp-content\/uploads\/2024\/08\/REGULAMIN_LODOWISKA-1.pdf\",\"displayPreview\":false} -->\n<div class=\"wp-block-file\"><a id=\"wp-block-file--media-18cdc367-3c70-46b3-a60c-27b7332c0cb5\" href=\"https:\/\/www.wosr.wrzesnia.pl\/wp-content\/uploads\/2024\/08\/REGULAMIN_LODOWISKA-1.pdf\">Regulamin korzystania z obiektu Lodowisko - 51 Kb<\/a><a href=\"https:\/\/www.wosr.wrzesnia.pl\/wp-content\/uploads\/2024\/08\/REGULAMIN_LODOWISKA-1.pdf\" class=\"wp-block-file__button wp-element-button\" download aria-describedby=\"wp-block-file--media-18cdc367-3c70-46b3-a60c-27b7332c0cb5\">Pobierz<\/a><\/div>\n<!-- \/wp:file -->\n\n<!-- wp:heading -->\n<h2 class=\"wp-block-heading\"><strong>STADION MIEJSKI<\/strong><\/h2>\n<!-- \/wp:heading -->\n\n<!-- wp:file {\"id\":1514,\"href\":\"https:\/\/www.wosr.wrzesnia.pl\/wp-content\/uploads\/2024\/08\/r02.pdf\",\"displayPreview\":false} -->\n<div class=\"wp-block-file\"><a id=\"wp-block-file--media-d70fc3c0-e3c3-4276-9d36-bb279329ab66\" href=\"https:\/\/www.wosr.wrzesnia.pl\/wp-content\/uploads\/2024\/08\/r02.pdf\">Regulamin Stadionu Miejskiego - 135 Kb<\/a><a href=\"https:\/\/www.wosr.wrzesnia.pl\/wp-content\/uploads\/2024\/08\/r02.pdf\" class=\"wp-block-file__button wp-element-button\" download aria-describedby=\"wp-block-file--media-d70fc3c0-e3c3-4276-9d36-bb279329ab66\">Pobierz<\/a><\/div>\n<!-- \/wp:file -->\n\n<!-- wp:heading -->\n<h2 class=\"wp-block-heading\"><strong>KORTY TENISOWE<\/strong><\/h2>\n<!-- \/wp:heading -->\n\n<!-- wp:file {\"id\":1515,\"href\":\"https:\/\/www.wosr.wrzesnia.pl\/wp-content\/uploads\/2024\/08\/REGULAMIN_KORTOW.pdf\",\"displayPreview\":false} -->\n<div class=\"wp-block-file\"><a id=\"wp-block-file--media-2cff8365-8cff-4391-905f-3108f540a16a\" href=\"https:\/\/www.wosr.wrzesnia.pl\/wp-content\/uploads\/2024\/08\/REGULAMIN_KORTOW.pdf\">Regulamin kort\u00f3w tenisowych - 62 Kb<\/a><a href=\"https:\/\/www.wosr.wrzesnia.pl\/wp-content\/uploads\/2024\/08\/REGULAMIN_KORTOW.pdf\" class=\"wp-block-file__button wp-element-button\" download aria-describedby=\"wp-block-file--media-2cff8365-8cff-4391-905f-3108f540a16a\">Pobierz<\/a><\/div>\n<!-- \/wp:file -->\n\n<!-- wp:heading -->\n<h2 class=\"wp-block-heading\"><strong>TOR ROWEROWY<\/strong><\/h2>\n<!-- \/wp:heading -->\n\n<!-- wp:file {\"id\":1516,\"href\":\"https:\/\/www.wosr.wrzesnia.pl\/wp-content\/uploads\/2024\/08\/r04.pdf\",\"displayPreview\":false} -->\n<div class=\"wp-block-file\"><a id=\"wp-block-file--media-cc7ebdca-100b-4e66-aa64-d321d817a625\" href=\"https:\/\/www.wosr.wrzesnia.pl\/wp-content\/uploads\/2024\/08\/r04.pdf\">Regulamin Toru rowerowego Ma\u0142pi Gaj - 809 Kb<\/a><a href=\"https:\/\/www.wosr.wrzesnia.pl\/wp-content\/uploads\/2024\/08\/r04.pdf\" class=\"wp-block-file__button wp-element-button\" download aria-describedby=\"wp-block-file--media-cc7ebdca-100b-4e66-aa64-d321d817a625\">Pobierz<\/a><\/div>\n<!-- \/wp:file -->\n\n<!-- wp:file {\"id\":1517,\"href\":\"https:\/\/www.wosr.wrzesnia.pl\/wp-content\/uploads\/2024\/08\/r04_tr_mtb.pdf\",\"displayPreview\":false} -->\n<div class=\"wp-block-file\"><a id=\"wp-block-file--media-566f0e1e-7ad8-4d5a-917a-b8c62cdfbd17\" href=\"https:\/\/www.wosr.wrzesnia.pl\/wp-content\/uploads\/2024\/08\/r04_tr_mtb.pdf\">Trasy wy\u015bcig\u00f3w - 374 Kb<\/a><a href=\"https:\/\/www.wosr.wrzesnia.pl\/wp-content\/uploads\/2024\/08\/r04_tr_mtb.pdf\" class=\"wp-block-file__button wp-element-button\" download aria-describedby=\"wp-block-file--media-566f0e1e-7ad8-4d5a-917a-b8c62cdfbd17\">Pobierz<\/a><\/div>\n<!-- \/wp:file -->\n\n<!-- wp:file {\"id\":1518,\"href\":\"https:\/\/www.wosr.wrzesnia.pl\/wp-content\/uploads\/2024\/08\/r04_plan.pdf\",\"displayPreview\":false} -->\n<div class=\"wp-block-file\"><a id=\"wp-block-file--media-df10cccc-9c5c-40ab-9898-25083a99383d\" href=\"https:\/\/www.wosr.wrzesnia.pl\/wp-content\/uploads\/2024\/08\/r04_plan.pdf\">Plan g\u00f3rek - 281 Kb<\/a><a href=\"https:\/\/www.wosr.wrzesnia.pl\/wp-content\/uploads\/2024\/08\/r04_plan.pdf\" class=\"wp-block-file__button wp-element-button\" download aria-describedby=\"wp-block-file--media-df10cccc-9c5c-40ab-9898-25083a99383d\">Pobierz<\/a><\/div>\n<!-- \/wp:file -->\n\n<!-- wp:heading -->\n<h2 class=\"wp-block-heading\"><strong>SKATE - PARK<\/strong><\/h2>\n<!-- \/wp:heading -->\n\n<!-- wp:file {\"id\":1519,\"href\":\"https:\/\/www.wosr.wrzesnia.pl\/wp-content\/uploads\/2024\/08\/r05.pdf\",\"displayPreview\":false} -->\n<div class=\"wp-block-file\"><a id=\"wp-block-file--media-2e61a8a3-41c1-4c83-a40b-4b2a6e6d771a\" href=\"https:\/\/www.wosr.wrzesnia.pl\/wp-content\/uploads\/2024\/08\/r05.pdf\">Regulamin Skate-Parku - 55 Kb<\/a><a href=\"https:\/\/www.wosr.wrzesnia.pl\/wp-content\/uploads\/2024\/08\/r05.pdf\" class=\"wp-block-file__button wp-element-button\" download aria-describedby=\"wp-block-file--media-2e61a8a3-41c1-4c83-a40b-4b2a6e6d771a\">Pobierz<\/a><\/div>\n<!-- \/wp:file -->\n\n<!-- wp:heading -->\n<h2 class=\"wp-block-heading\"><strong>O\u015brodek Lip\u00f3wka<\/strong><\/h2>\n<!-- \/wp:heading -->\n\n<!-- wp:file {\"id\":1522,\"href\":\"https:\/\/www.wosr.wrzesnia.pl\/wp-content\/uploads\/2024\/08\/REGULAMIN-OSRODKA-LIPOWKA-I.pdf\",\"displayPreview\":false} -->\n<div class=\"wp-block-file\"><a id=\"wp-block-file--media-2eeff82b-3e5c-4a10-a36a-fa998d613267\" href=\"https:\/\/www.wosr.wrzesnia.pl\/wp-content\/uploads\/2024\/08\/REGULAMIN-OSRODKA-LIPOWKA-I.pdf\">REGULAMIN OSRODKA LIPOWKA I - 400 Kb<\/a><a href=\"https:\/\/www.wosr.wrzesnia.pl\/wp-content\/uploads\/2024\/08\/REGULAMIN-OSRODKA-LIPOWKA-I.pdf\" class=\"wp-block-file__button wp-element-button\" download aria-describedby=\"wp-block-file--media-2eeff82b-3e5c-4a10-a36a-fa998d613267\">Pobierz<\/a><\/div>\n<!-- \/wp:file -->\n\n<!-- wp:file {\"id\":1523,\"href\":\"https:\/\/www.wosr.wrzesnia.pl\/wp-content\/uploads\/2024\/08\/REGULAMIN-OSRODKA-LIPOWKA-II.pdf\",\"displayPreview\":false} -->\n<div class=\"wp-block-file\"><a id=\"wp-block-file--media-70d62b07-25e5-497b-b299-78d09fd1369a\" href=\"https:\/\/www.wosr.wrzesnia.pl\/wp-content\/uploads\/2024\/08\/REGULAMIN-OSRODKA-LIPOWKA-II.pdf\">REGULAMIN OSRODKA LIPOWKA II - 400 Kb<\/a><a href=\"https:\/\/www.wosr.wrzesnia.pl\/wp-content\/uploads\/2024\/08\/REGULAMIN-OSRODKA-LIPOWKA-II.pdf\" class=\"wp-block-file__button wp-element-button\" download aria-describedby=\"wp-block-file--media-70d62b07-25e5-497b-b299-78d09fd1369a\">Pobierz<\/a><\/div>\n<!-- \/wp:file -->\n\n<!-- wp:file {\"id\":1524,\"href\":\"https:\/\/www.wosr.wrzesnia.pl\/wp-content\/uploads\/2024\/08\/REGULAMIN_KORTOW-1.pdf\",\"displayPreview\":false} -->\n<div class=\"wp-block-file\"><a id=\"wp-block-file--media-b07ed4eb-2567-4b3a-a8b4-4bf4a831dadb\" href=\"https:\/\/www.wosr.wrzesnia.pl\/wp-content\/uploads\/2024\/08\/REGULAMIN_KORTOW-1.pdf\">REGULAMIN_KORTOW - 800 Kb<\/a><a href=\"https:\/\/www.wosr.wrzesnia.pl\/wp-content\/uploads\/2024\/08\/REGULAMIN_KORTOW-1.pdf\" class=\"wp-block-file__button wp-element-button\" download aria-describedby=\"wp-block-file--media-b07ed4eb-2567-4b3a-a8b4-4bf4a831dadb\">Pobierz<\/a><\/div>\n<!-- \/wp:file -->\n\n<!-- wp:file {\"id\":1525,\"href\":\"https:\/\/www.wosr.wrzesnia.pl\/wp-content\/uploads\/2024\/08\/REGULAMIN-LAKI-REKREACYJNEJ.pdf\",\"displayPreview\":false} -->\n<div class=\"wp-block-file\"><a id=\"wp-block-file--media-c9f4da1d-7507-47f7-b640-b4236efc0173\" href=\"https:\/\/www.wosr.wrzesnia.pl\/wp-content\/uploads\/2024\/08\/REGULAMIN-LAKI-REKREACYJNEJ.pdf\">REGULAMIN \u0141AKI REKREACYJNEJ - 470 Kb<\/a><a href=\"https:\/\/www.wosr.wrzesnia.pl\/wp-content\/uploads\/2024\/08\/REGULAMIN-LAKI-REKREACYJNEJ.pdf\" class=\"wp-block-file__button wp-element-button\" download aria-describedby=\"wp-block-file--media-c9f4da1d-7507-47f7-b640-b4236efc0173\">Pobierz<\/a><\/div>\n<!-- \/wp:file -->\n\n<!-- wp:heading -->\n<h2 class=\"wp-block-heading\"><strong>STADION PSARY POLSKIE i SOKO\u0141OWO<\/strong><\/h2>\n<!-- \/wp:heading -->\n\n<!-- wp:file {\"id\":1526,\"href\":\"https:\/\/www.wosr.wrzesnia.pl\/wp-content\/uploads\/2024\/08\/REG_PSARY_POLSKIE.pdf\",\"displayPreview\":false} -->\n<div class=\"wp-block-file\"><a id=\"wp-block-file--media-a9f1595f-de00-435b-8c70-bf17c9905268\" href=\"https:\/\/www.wosr.wrzesnia.pl\/wp-content\/uploads\/2024\/08\/REG_PSARY_POLSKIE.pdf\">Regulamin stadionu PSARY POLSKIE 67 Kb<\/a><a href=\"https:\/\/www.wosr.wrzesnia.pl\/wp-content\/uploads\/2024\/08\/REG_PSARY_POLSKIE.pdf\" class=\"wp-block-file__button wp-element-button\" download aria-describedby=\"wp-block-file--media-a9f1595f-de00-435b-8c70-bf17c9905268\">Pobierz<\/a><\/div>\n<!-- \/wp:file -->\n\n<!-- wp:file {\"id\":1527,\"href\":\"https:\/\/www.wosr.wrzesnia.pl\/wp-content\/uploads\/2024\/08\/REGULAMIN_SOKOLOWO.pdf\",\"displayPreview\":false} -->\n<div class=\"wp-block-file\"><a id=\"wp-block-file--media-b8a2512d-61c8-47c4-be57-8e95a7ddc6d3\" href=\"https:\/\/www.wosr.wrzesnia.pl\/wp-content\/uploads\/2024\/08\/REGULAMIN_SOKOLOWO.pdf\">Regulamin stadionu SOKO\u0141OWO 970 Kb<\/a><a href=\"https:\/\/www.wosr.wrzesnia.pl\/wp-content\/uploads\/2024\/08\/REGULAMIN_SOKOLOWO.pdf\" class=\"wp-block-file__button wp-element-button\" download aria-describedby=\"wp-block-file--media-b8a2512d-61c8-47c4-be57-8e95a7ddc6d3\">Pobierz<\/a><\/div>\n<!-- \/wp:file -->","_et_gb_content_width":"","footnotes":""},"class_list":["post-1512","page","type-page","status-publish","hentry"],"_links":{"self":[{"href":"https:\/\/wosr.wrzesnia.pl\/index.php?rest_route=\/wp\/v2\/pages\/1512","targetHints":{"allow":["GET"]}}],"collection":[{"href":"https:\/\/wosr.wrzesnia.pl\/index.php?rest_route=\/wp\/v2\/pages"}],"about":[{"href":"https:\/\/wosr.wrzesnia.pl\/index.php?rest_route=\/wp\/v2\/types\/page"}],"author":[{"embeddable":true,"href":"https:\/\/wosr.wrzesnia.pl\/index.php?rest_route=\/wp\/v2\/users\/1"}],"replies":[{"embeddable":true,"href":"https:\/\/wosr.wrzesnia.pl\/index.php?rest_route=%2Fwp%2Fv2%2Fcomments&post=1512"}],"version-history":[{"count":3,"href":"https:\/\/wosr.wrzesnia.pl\/index.php?rest_route=\/wp\/v2\/pages\/1512\/revisions"}],"predecessor-version":[{"id":1748,"href":"https:\/\/wosr.wrzesnia.pl\/index.php?rest_route=\/wp\/v2\/pages\/1512\/revisions\/1748"}],"wp:attachment":[{"href":"https:\/\/wosr.wrzesnia.pl\/index.php?rest_route=%2Fwp%2Fv2%2Fmedia&parent=1512"}],"curies":[{"name":"wp","href":"https:\/\/api.w.org\/{rel}","templated":true}]}}