{"id":1478,"date":"2024-08-16T11:07:51","date_gmt":"2024-08-16T09:07:51","guid":{"rendered":"https:\/\/www.wosr.wrzesnia.pl\/?page_id=1478"},"modified":"2024-08-16T12:19:30","modified_gmt":"2024-08-16T10:19:30","slug":"stadion-miejski","status":"publish","type":"page","link":"https:\/\/wosr.wrzesnia.pl\/?page_id=1478","title":{"rendered":"Stadion miejski"},"content":{"rendered":"<p>[et_pb_section fb_built=&#8221;1&#8243; _builder_version=&#8221;4.27.0&#8243; _module_preset=&#8221;default&#8221; background_image=&#8221;https:\/\/www.wosr.wrzesnia.pl\/wp-content\/uploads\/2024\/08\/stadion-1.jpg&#8221; background_size=&#8221;initial&#8221; background_position=&#8221;top_center&#8221; global_colors_info=&#8221;{}&#8221;][et_pb_row _builder_version=&#8221;4.27.0&#8243; _module_preset=&#8221;default&#8221; global_colors_info=&#8221;{}&#8221;][et_pb_column type=&#8221;4_4&#8243; _builder_version=&#8221;4.27.0&#8243; _module_preset=&#8221;default&#8221; global_colors_info=&#8221;{}&#8221;][et_pb_divider show_divider=&#8221;off&#8221; _builder_version=&#8221;4.27.0&#8243; _module_preset=&#8221;default&#8221; min_height=&#8221;200px&#8221; global_colors_info=&#8221;{}&#8221;][\/et_pb_divider][\/et_pb_column][\/et_pb_row][\/et_pb_section][et_pb_section fb_built=&#8221;1&#8243; module_class=&#8221;role-overview&#8221; _builder_version=&#8221;4.16&#8243; _module_preset=&#8221;default&#8221; custom_css_main_element=&#8221;animation:.3s !Important;&#8221; global_colors_info=&#8221;{}&#8221;][et_pb_row _builder_version=&#8221;4.27.0&#8243; _module_preset=&#8221;default&#8221; background_color=&#8221;rgba(4,88,168,0.05)&#8221; custom_padding=&#8221;|30px||30px|false|true&#8221; border_radii=&#8221;on|10px|10px|10px|10px&#8221; global_colors_info=&#8221;{}&#8221;][et_pb_column type=&#8221;4_4&#8243; _builder_version=&#8221;4.16&#8243; _module_preset=&#8221;default&#8221; global_colors_info=&#8221;{}&#8221;][et_pb_text _builder_version=&#8221;4.27.0&#8243; _module_preset=&#8221;default&#8221; text_line_height=&#8221;1.8em&#8221; global_colors_info=&#8221;{}&#8221;]<\/p>\n<p>Obiekt jest zlokalizowany przy ul. Kosynier\u00f3w 1 we Wrze\u015bni. Na jego wyposa\u017cenie sk\u0142adaj\u0105 si\u0119:<\/p>\n<h3>&#8211; boisko g\u0142\u00f3wne<\/h3>\n<p>murawa trawiasta\u00a0 o wymiarach 105 x 65 mb., bramki atestowane \u00a0\u201ePolsport\u201d. Automatyczne podlewanie.<br \/>Murawa jest otoczona trybun\u0105 g\u0142\u00f3wn\u0105, betonow\u0105, kryt\u0105\u00a0\u00a0 567 miejsc siedz\u0105cych (foteliki PVC). Pod trybun\u0105 mie\u015bci si\u0119 zaplecze szatniowe (4 pomieszczenia) i sanitarne (2 w\u0119z\u0142y z prysznicami i w.c.) Po przeciwnej stronie boiska do dyspozycji kibic\u00f3w jest zlokalizowana trybuna na wale ziemnym, 4 rz\u0119dy siedze\u0144 (foteliki PVC) razem 360 miejsc siedz\u0105cych.<\/p>\n<h3>&#8211; boisko treningowe du\u017ce<\/h3>\n<p>nawierzchnia trawiasta \u00a0 o wymiarach 90 x\u00a0 65 m, bramki atestowane \u00a0\u201ePolsport\u201d.<\/p>\n<p>Boisko posiada o\u015bwietlenie elektryczne i automatycze podlewanie.\u00a0<\/p>\n<h3>&#8211; boisko treningowe ma\u0142e<\/h3>\n<p>nawierzchnia trawiasta o wymiarach 40 x 25 mb., bramki atestowane \u00a0\u201ePolsport\u201d.<\/p>\n<p>Boisko posiada o\u015bwietlenie elektryczne i automatycze podlewanie.\u00a0<\/p>\n<p>&nbsp;<\/p>\n<h3>&#8211; hala wielofunkcyjna<\/h3>\n<p>hala g\u0142\u00f3wna o wymiarach\u00a0 44 x 27 x 11. Trybuny dla kibic\u00f3w rozk\u0142adane typu \u201ePolsport\u201d, \u0142\u0105czna ilo\u015b\u0107 miejsc 406.\u00a0 Pod\u0142oga hali panele z drewna litego na podw\u00f3jnym legarowaniu. Tablice do koszyk\u00f3wki podwieszane.<\/p>\n<p>sala korekcyjna o powierzchni\u00a0 155,7 m2. \u00a0<br \/>Obie sale posiadaj\u0105 pe\u0142ne zaplecze szatniowe (7 pomieszcze\u0144), sanitarne (4 w\u0119z\u0142y z prysznicami i w.c.).<\/p>\n<p>Obiekt dzia\u0142a od roku\u00a0 1927.<\/p>\n<p>Obiekt jest monitorowany.<\/p>\n<p>[\/et_pb_text][\/et_pb_column][\/et_pb_row][et_pb_row column_structure=&#8221;1_2,1_2&#8243; _builder_version=&#8221;4.27.0&#8243; _module_preset=&#8221;default&#8221; custom_margin=&#8221;30px|auto||auto|false|false&#8221; global_colors_info=&#8221;{}&#8221;][et_pb_column type=&#8221;1_2&#8243; _builder_version=&#8221;4.27.0&#8243; _module_preset=&#8221;default&#8221; background_color=&#8221;rgba(4,88,168,0.22)&#8221; custom_padding=&#8221;55px|30px|30px|30px|false|true&#8221; border_radii=&#8221;on|10px|10px|10px|10px&#8221; global_colors_info=&#8221;{}&#8221;][et_pb_text _builder_version=&#8221;4.27.0&#8243; _module_preset=&#8221;default&#8221; ol_font_size=&#8221;15px&#8221; ol_line_height=&#8221;2.2em&#8221; header_3_font=&#8221;|700|||||||&#8221; header_3_line_height=&#8221;0em&#8221; custom_margin=&#8221;||5px||false|false&#8221; locked=&#8221;off&#8221; global_colors_info=&#8221;{}&#8221;]<\/p>\n<h3>Czynny:<\/h3>\n<ul>\n<li>tel.\u00a0 61\u00a0 437 00 45<\/li>\n<li>tel. (kortowy)\u00a0 504 169 380 czynny w sezonie<\/li>\n<\/ul>\n<p>[\/et_pb_text][\/et_pb_column][et_pb_column type=&#8221;1_2&#8243; _builder_version=&#8221;4.27.0&#8243; _module_preset=&#8221;default&#8221; background_color=&#8221;rgba(245,130,31,0.15)&#8221; custom_padding=&#8221;55px|30px|30px|30px|false|true&#8221; border_radii=&#8221;on|10px|10px|10px|10px&#8221; global_colors_info=&#8221;{}&#8221;][et_pb_text _builder_version=&#8221;4.27.0&#8243; _module_preset=&#8221;default&#8221; ol_font_size=&#8221;15px&#8221; ol_line_height=&#8221;2.2em&#8221; header_3_font=&#8221;|700|||||||&#8221; header_3_line_height=&#8221;0em&#8221; custom_margin=&#8221;||5px||false|false&#8221; locked=&#8221;off&#8221; global_colors_info=&#8221;{}&#8221;]<\/p>\n<h3>Kontakt:<\/h3>\n<ul>\n<li><span>Ul. Gnie\u017anie\u0144ska 32a <\/span><span>62 \u2013 300 Wrze\u015bnia<\/span><\/li>\n<li><span>tel.\u00a0 <a href=\"tel:%20+48\u00a061\u00a0436 05 52\">\u00a061\u00a0 436 05 52<\/a><\/span><\/li>\n<\/ul>\n<p>[\/et_pb_text][\/et_pb_column][\/et_pb_row][et_pb_row _builder_version=&#8221;4.27.0&#8243; _module_preset=&#8221;default&#8221; global_colors_info=&#8221;{}&#8221;][et_pb_column type=&#8221;4_4&#8243; _builder_version=&#8221;4.27.0&#8243; _module_preset=&#8221;default&#8221; global_colors_info=&#8221;{}&#8221;][et_pb_text _builder_version=&#8221;4.27.0&#8243; _module_preset=&#8221;default&#8221; global_colors_info=&#8221;{}&#8221;]<\/p>\n<h3 style=\"text-align: center;\">REGULAMINY<\/h3>\n<p>[\/et_pb_text][et_pb_button button_url=&#8221;@ET-DC@eyJkeW5hbWljIjp0cnVlLCJjb250ZW50IjoicG9zdF9saW5rX3VybF9wYWdlIiwic2V0dGluZ3MiOnsicG9zdF9pZCI6IjE1MTIifX0=@&#8221; button_text=&#8221;ZOBACZ REGULAMINY&#8221; button_alignment=&#8221;center&#8221; _builder_version=&#8221;4.27.0&#8243; _dynamic_attributes=&#8221;button_url&#8221; _module_preset=&#8221;default&#8221; global_colors_info=&#8221;{}&#8221; global_module=&#8221;1529&#8243; theme_builder_area=&#8221;post_content&#8221;][\/et_pb_button][\/et_pb_column][\/et_pb_row][\/et_pb_section][et_pb_section fb_built=&#8221;1&#8243; module_class=&#8221;application&#8221; _builder_version=&#8221;4.16&#8243; _module_preset=&#8221;default&#8221; custom_margin=&#8221;-3px|||||&#8221; custom_padding=&#8221;54px|||||&#8221; locked=&#8221;off&#8221; global_colors_info=&#8221;{}&#8221;][et_pb_row _builder_version=&#8221;4.27.0&#8243; _module_preset=&#8221;default&#8221; global_colors_info=&#8221;{}&#8221;][et_pb_column type=&#8221;4_4&#8243; _builder_version=&#8221;4.27.0&#8243; _module_preset=&#8221;default&#8221; global_colors_info=&#8221;{}&#8221;][et_pb_gallery gallery_ids=&#8221;1481,1482,1483,1484,1485,1486,1487,1488&#8243; posts_number=&#8221;12&#8243; show_title_and_caption=&#8221;off&#8221; _builder_version=&#8221;4.27.0&#8243; _module_preset=&#8221;default&#8221; global_colors_info=&#8221;{}&#8221;][\/et_pb_gallery][\/et_pb_column][\/et_pb_row][\/et_pb_section]<\/p>\n","protected":false},"excerpt":{"rendered":"<p>Obiekt jest zlokalizowany przy ul. Kosynier\u00f3w 1 we Wrze\u015bni. Na jego wyposa\u017cenie sk\u0142adaj\u0105 si\u0119: &#8211; boisko g\u0142\u00f3wne murawa trawiasta\u00a0 o wymiarach 105 x 65 mb., bramki atestowane \u00a0\u201ePolsport\u201d. Automatyczne podlewanie.Murawa jest otoczona trybun\u0105 g\u0142\u00f3wn\u0105, betonow\u0105, kryt\u0105\u00a0\u00a0 567 miejsc siedz\u0105cych (foteliki PVC). Pod trybun\u0105 mie\u015bci si\u0119 zaplecze szatniowe (4 pomieszczenia) i sanitarne (2 w\u0119z\u0142y z prysznicami [&hellip;]<\/p>\n","protected":false},"author":1,"featured_media":0,"parent":0,"menu_order":0,"comment_status":"closed","ping_status":"closed","template":"","meta":{"_et_pb_use_builder":"on","_et_pb_old_content":"","_et_gb_content_width":"","footnotes":""},"class_list":["post-1478","page","type-page","status-publish","hentry"],"_links":{"self":[{"href":"https:\/\/wosr.wrzesnia.pl\/index.php?rest_route=\/wp\/v2\/pages\/1478","targetHints":{"allow":["GET"]}}],"collection":[{"href":"https:\/\/wosr.wrzesnia.pl\/index.php?rest_route=\/wp\/v2\/pages"}],"about":[{"href":"https:\/\/wosr.wrzesnia.pl\/index.php?rest_route=\/wp\/v2\/types\/page"}],"author":[{"embeddable":true,"href":"https:\/\/wosr.wrzesnia.pl\/index.php?rest_route=\/wp\/v2\/users\/1"}],"replies":[{"embeddable":true,"href":"https:\/\/wosr.wrzesnia.pl\/index.php?rest_route=%2Fwp%2Fv2%2Fcomments&post=1478"}],"version-history":[{"count":4,"href":"https:\/\/wosr.wrzesnia.pl\/index.php?rest_route=\/wp\/v2\/pages\/1478\/revisions"}],"predecessor-version":[{"id":1531,"href":"https:\/\/wosr.wrzesnia.pl\/index.php?rest_route=\/wp\/v2\/pages\/1478\/revisions\/1531"}],"wp:attachment":[{"href":"https:\/\/wosr.wrzesnia.pl\/index.php?rest_route=%2Fwp%2Fv2%2Fmedia&parent=1478"}],"curies":[{"name":"wp","href":"https:\/\/api.w.org\/{rel}","templated":true}]}}