{"id":1401,"date":"2024-08-16T09:55:36","date_gmt":"2024-08-16T07:55:36","guid":{"rendered":"https:\/\/www.wosr.wrzesnia.pl\/?page_id=1401"},"modified":"2025-07-17T09:43:57","modified_gmt":"2025-07-17T07:43:57","slug":"basen-lodowisko","status":"publish","type":"page","link":"https:\/\/wosr.wrzesnia.pl\/?page_id=1401","title":{"rendered":"Basen &#8211; Lodowisko"},"content":{"rendered":"<p>[et_pb_section fb_built=&#8221;1&#8243; _builder_version=&#8221;4.27.0&#8243; _module_preset=&#8221;default&#8221; background_image=&#8221;https:\/\/www.wosr.wrzesnia.pl\/wp-content\/uploads\/2024\/08\/basen.jpg&#8221; background_size=&#8221;initial&#8221; background_position=&#8221;top_center&#8221; global_colors_info=&#8221;{}&#8221;][et_pb_row _builder_version=&#8221;4.27.0&#8243; _module_preset=&#8221;default&#8221; global_colors_info=&#8221;{}&#8221;][et_pb_column type=&#8221;4_4&#8243; _builder_version=&#8221;4.27.0&#8243; _module_preset=&#8221;default&#8221; global_colors_info=&#8221;{}&#8221;][et_pb_text _builder_version=&#8221;4.27.4&#8243; _module_preset=&#8221;default&#8221; hover_enabled=&#8221;0&#8243; sticky_enabled=&#8221;0&#8243;]<\/p>\n<p><strong>Woda w basenie spe\u0142nia wymagania zawarte w Rozporz\u0105dzeniu Ministra Zdrowia z dnia 9 listopada 2015 r. w sprawie wymaga\u0144 jakim powinna odpowiada\u0107 woda na p\u0142ywalniach (Dz.U. z 2022 r. poz. 1230).<\/strong><\/p>\n<p>[\/et_pb_text][et_pb_button button_text=&#8221;Ocena jako\u015bci wody 2025 r&#8221; _builder_version=&#8221;4.27.4&#8243; _module_preset=&#8221;default&#8221; button_url=&#8221;https:\/\/wosr.wrzesnia.pl\/wp-content\/uploads\/2025\/07\/Sprawozdanie-z-jakosci-wody.pdf&#8221; hover_enabled=&#8221;0&#8243; sticky_enabled=&#8221;0&#8243;][\/et_pb_button][\/et_pb_column][\/et_pb_row][\/et_pb_section][et_pb_section fb_built=&#8221;1&#8243; module_class=&#8221;role-overview&#8221; _builder_version=&#8221;4.16&#8243; _module_preset=&#8221;default&#8221; custom_css_main_element=&#8221;animation:.3s !Important;&#8221; global_colors_info=&#8221;{}&#8221;][et_pb_row _builder_version=&#8221;4.27.0&#8243; _module_preset=&#8221;default&#8221; background_color=&#8221;rgba(4,88,168,0.05)&#8221; custom_padding=&#8221;|30px||30px|false|true&#8221; border_radii=&#8221;on|10px|10px|10px|10px&#8221; global_colors_info=&#8221;{}&#8221;][et_pb_column type=&#8221;4_4&#8243; _builder_version=&#8221;4.16&#8243; _module_preset=&#8221;default&#8221; global_colors_info=&#8221;{}&#8221;][et_pb_text _builder_version=&#8221;4.16&#8243; _module_preset=&#8221;default&#8221; header_3_font=&#8221;|700|||||||&#8221; custom_margin=&#8221;||5px||false|false&#8221; global_colors_info=&#8221;{}&#8221;]<\/p>\n<h3>BASEN &#8211; LODOWISKO<\/h3>\n<p>[\/et_pb_text][et_pb_text _builder_version=&#8221;4.27.0&#8243; _module_preset=&#8221;default&#8221; text_line_height=&#8221;1.8em&#8221; global_colors_info=&#8221;{}&#8221;]<\/p>\n<p>Obiekt jest usytuowany we Wrze\u015bni przy ul. Gnie\u017anie\u0144skiej 32a. W jego sk\u0142ad wchodz\u0105:<\/p>\n<h3>&#8211; niecka basenu do p\u0142ywania<\/h3>\n<p>d\u0142ugo\u015b\u0107 basenu 25 m, g\u0142\u0119boko\u015b\u0107 jest stopniowana od 1,2 \u2013 1,8 m., pojemno\u015b\u0107 608 m3 , powierzchnia lustra wody 400m2,\u00a0 6 tor\u00f3w.<\/p>\n<h3>&#8211; niecka basenu rekreacyjnego<\/h3>\n<p>wymiary\u00a0 basenu 25 x 40 plus zatoka, g\u0142\u0119boko\u015b\u0107 jest stopniowana od 0,3 \u2013 1,2 m., pojemno\u015b\u0107 684 m3 , powierzchnia lustra wody 1006 m2.<\/p>\n<h3>&#8211; zje\u017cd\u017calnia wodna<\/h3>\n<p>d\u0142ugo\u015b\u0107 rynny 55 m, rynna jest zako\u0144czona wann\u0105 \u2013 hamowni\u0105, r\u00f3\u017cnica poziom\u00f3w 5 m, nachylenie 10 % . Zje\u017cd\u017calnia jest wyposa\u017cona w system \u015bwiate\u0142 steruj\u0105cych ruchem na zje\u017cd\u017calni.<\/p>\n<p>Woda w basenach jest uzdatniana w systemie ci\u0105g\u0142ym, za pomoc\u0105 filtr\u00f3w z ziemi\u0105 okrzemkow\u0105, poprzez chlorowanie podchlorynem sodu. W ci\u0105gu doby nast\u0119puje 6-krotny obieg wody przez stacj\u0119 filtr\u00f3w.<br \/>Dzi\u0119ki kolektorom s\u0142onecznym istnieje mo\u017cliwo\u015b\u0107 podgrzewania wody w obu nieckach. Temperatura wody w basenach nigdy nie spada poni\u017cej 20 stopni C.<\/p>\n<h3>&#8211; poducha do skakania<\/h3>\n<p>posiada wymiar 15 x 10 mb. i umo\u017cliwiaj\u0105 jednoczesn\u0105 zabaw\u0119 7 \u2013 8 osobom jednocze\u015bnie. Ruchem na poduchach kieruje obs\u0142uga basen\u00f3w.<\/p>\n<h3>&#8211; boiska do pi\u0142ki siatkowej pla\u017cowej &#8211; sz. 7<\/h3>\n<p>boiska posiadaj\u0105 pe\u0142ne wymiary umo\u017cliwiaj\u0105 przeprowadzanie nie tylko trening\u00f3w ale r\u00f3wnie\u017c prowadzenie rozgrywek najwy\u017cszej rangi z MP w\u0142\u0105cznie.<\/p>\n<h3>&#8211; lodowisko<\/h3>\n<p>jest to instalacja typu \u201eeis-grid\u201d \u2013 rurki po\u0142o\u017cone na piasku. Medium \u2013 glikol monoetylenowy.<br \/>Instalacja umo\u017cliwia zamro\u017cenie tafli od momentu pojawienia si\u0119 pierwszych przymrozk\u00f3w.<br \/>Wymiary lodowiska 40 x 25 mb. Jest wyposa\u017cone w profesjonaln\u0105 band\u0119 hokejow\u0105 i o\u015bwietlenie umo\u017cliwiaj\u0105ce rozgrywanie meczy hokejowych w godzinach wieczornych.<\/p>\n<\/p>\n<h3>&#8211; sto\u0142y do si\u0142owania szt. 2<\/h3>\n<p>stanowi\u0105 og\u00f3lnodost\u0119pne wyposa\u017cenie obiektu.<\/p>\n<\/p>\n<h3>&#8211; szatnie<\/h3>\n<p>do dyspozycji u\u017cytkownik\u00f3w s\u0105 dost\u0119pne przebieralnie, wc, natryski. Ciep\u0142a woda bez ogranicze\u0144.<\/p>\n<h3>&#8211; parkingi<\/h3>\n<p>s\u0105 usytuowane przy wej\u015bciu przy ul. Gnie\u017anie\u0144skiej 32, oraz na ul. Daszy\u0144skiego. Umo\u017cliwiaj\u0105 jednoczesne zaparkowanie ponad 150 aut osobowych.<\/p>\n<h3>&#8211; kasy<\/h3>\n<p>s\u0105 zlokalizowane przy wej\u015bciu od ul. Gnie\u017anie\u0144skiej<\/p>\n<h3>&#8211; restauracja<\/h3>\n<p>zapewnia ca\u0142odzienne wy\u017cywienie i umo\u017cliwia swobodny zakup posi\u0142k\u00f3w oraz napoi na otaczaj\u0105cym j\u0105 tarasie.\u00a0<\/p>\n<p>Basen dzia\u0142a od roku\u00a0 1921.<\/p>\n<p>[\/et_pb_text][\/et_pb_column][\/et_pb_row][et_pb_row column_structure=&#8221;1_2,1_2&#8243; _builder_version=&#8221;4.27.0&#8243; _module_preset=&#8221;default&#8221; custom_margin=&#8221;30px|auto||auto|false|false&#8221; global_colors_info=&#8221;{}&#8221;][et_pb_column type=&#8221;1_2&#8243; _builder_version=&#8221;4.27.0&#8243; _module_preset=&#8221;default&#8221; background_color=&#8221;rgba(4,88,168,0.22)&#8221; custom_padding=&#8221;55px|30px|30px|30px|false|true&#8221; border_radii=&#8221;on|10px|10px|10px|10px&#8221; global_colors_info=&#8221;{}&#8221;][et_pb_text _builder_version=&#8221;4.27.0&#8243; _module_preset=&#8221;default&#8221; ol_font_size=&#8221;15px&#8221; ol_line_height=&#8221;2.2em&#8221; header_3_font=&#8221;|700|||||||&#8221; header_3_line_height=&#8221;0em&#8221; custom_margin=&#8221;||5px||false|false&#8221; locked=&#8221;off&#8221; global_colors_info=&#8221;{}&#8221;]<\/p>\n<h3>Czynny:<\/h3>\n<p>&nbsp;<\/p>\n<ul>\n<li>10 00 \u2013 19 00 og\u00f3lnie dost\u0119pny,<\/li>\n<\/ul>\n<p>[\/et_pb_text][\/et_pb_column][et_pb_column type=&#8221;1_2&#8243; _builder_version=&#8221;4.27.0&#8243; _module_preset=&#8221;default&#8221; background_color=&#8221;rgba(245,130,31,0.15)&#8221; custom_padding=&#8221;55px|30px|30px|30px|false|true&#8221; border_radii=&#8221;on|10px|10px|10px|10px&#8221; global_colors_info=&#8221;{}&#8221;][et_pb_text _builder_version=&#8221;4.27.0&#8243; _module_preset=&#8221;default&#8221; ol_font_size=&#8221;15px&#8221; ol_line_height=&#8221;2.2em&#8221; header_3_font=&#8221;|700|||||||&#8221; header_3_line_height=&#8221;0em&#8221; custom_margin=&#8221;||5px||false|false&#8221; locked=&#8221;off&#8221; global_colors_info=&#8221;{}&#8221;]<\/p>\n<h3>Kontakt:<\/h3>\n<ul>\n<li><span>Ul. Gnie\u017anie\u0144ska 32a <\/span><span>62 \u2013 300 Wrze\u015bnia<\/span><\/li>\n<li><span>tel.\u00a0 <a href=\"tel:%20+48\u00a061\u00a0436 05 52\">\u00a061\u00a0 436 05 52<\/a><\/span><\/li>\n<\/ul>\n<p>[\/et_pb_text][\/et_pb_column][\/et_pb_row][et_pb_row _builder_version=&#8221;4.27.0&#8243; _module_preset=&#8221;default&#8221; global_colors_info=&#8221;{}&#8221;][et_pb_column type=&#8221;4_4&#8243; _builder_version=&#8221;4.27.0&#8243; _module_preset=&#8221;default&#8221; global_colors_info=&#8221;{}&#8221;][et_pb_text _builder_version=&#8221;4.27.0&#8243; _module_preset=&#8221;default&#8221; global_colors_info=&#8221;{}&#8221;]<\/p>\n<h3 style=\"text-align: center;\">OCENA JAKO\u015aCI WODY<\/h3>\n<p>[\/et_pb_text][et_pb_button button_url=&#8221;http:\/\/wp-content\/uploads\/2024\/08\/raport_2024.pdf&#8221; button_text=&#8221;Ocena jako\u015bci wody 2024&#8243; button_alignment=&#8221;center&#8221; _builder_version=&#8221;4.27.0&#8243; _module_preset=&#8221;default&#8221; global_colors_info=&#8221;{}&#8221;][\/et_pb_button][et_pb_button button_url=&#8221;\/wp-content\/uploads\/2024\/08\/Ocena-jakosci-2019-2022.pdf&#8221; button_text=&#8221;Ocena jako\u015bci wody &#8211; 2019-2022&#8243; button_alignment=&#8221;center&#8221; _builder_version=&#8221;4.27.0&#8243; _module_preset=&#8221;default&#8221; global_colors_info=&#8221;{}&#8221;][\/et_pb_button][\/et_pb_column][\/et_pb_row][et_pb_row _builder_version=&#8221;4.27.0&#8243; _module_preset=&#8221;default&#8221; global_colors_info=&#8221;{}&#8221;][et_pb_column type=&#8221;4_4&#8243; _builder_version=&#8221;4.27.0&#8243; _module_preset=&#8221;default&#8221; global_colors_info=&#8221;{}&#8221;][et_pb_text _builder_version=&#8221;4.27.0&#8243; _module_preset=&#8221;default&#8221; global_colors_info=&#8221;{}&#8221;]<\/p>\n<h3 style=\"text-align: center;\">REGULAMINY<\/h3>\n<p>[\/et_pb_text][et_pb_button button_url=&#8221;@ET-DC@eyJkeW5hbWljIjp0cnVlLCJjb250ZW50IjoicG9zdF9saW5rX3VybF9wYWdlIiwic2V0dGluZ3MiOnsicG9zdF9pZCI6IjE1MTIifX0=@&#8221; button_text=&#8221;ZOBACZ REGULAMINY&#8221; button_alignment=&#8221;center&#8221; _builder_version=&#8221;4.27.0&#8243; _dynamic_attributes=&#8221;button_url&#8221; _module_preset=&#8221;default&#8221; global_module=&#8221;1529&#8243; saved_tabs=&#8221;all&#8221; global_colors_info=&#8221;{}&#8221;][\/et_pb_button][\/et_pb_column][\/et_pb_row][\/et_pb_section][et_pb_section fb_built=&#8221;1&#8243; module_class=&#8221;application&#8221; _builder_version=&#8221;4.16&#8243; _module_preset=&#8221;default&#8221; custom_margin=&#8221;-3px|||||&#8221; custom_padding=&#8221;54px|||||&#8221; locked=&#8221;off&#8221; global_colors_info=&#8221;{}&#8221;][et_pb_row _builder_version=&#8221;4.27.0&#8243; _module_preset=&#8221;default&#8221; global_colors_info=&#8221;{}&#8221;][et_pb_column type=&#8221;4_4&#8243; _builder_version=&#8221;4.27.0&#8243; _module_preset=&#8221;default&#8221; global_colors_info=&#8221;{}&#8221;][et_pb_gallery gallery_ids=&#8221;1430,1431,1432,1433,1434,1435,1436,1437,1438,1439,1440,1441,1442,1443,1444,1445,1446,1447,1448,1449,1450,1451,1452,1453,1454,1455,1456,1457,1458,1459,1460,1461,1462,1463,1464,1465,1466,1467,1468&#8243; posts_number=&#8221;12&#8243; show_title_and_caption=&#8221;off&#8221; _builder_version=&#8221;4.27.0&#8243; _module_preset=&#8221;default&#8221; global_colors_info=&#8221;{}&#8221;][\/et_pb_gallery][\/et_pb_column][\/et_pb_row][\/et_pb_section]<\/p>\n","protected":false},"excerpt":{"rendered":"<p>Woda w basenie spe\u0142nia wymagania zawarte w Rozporz\u0105dzeniu Ministra Zdrowia z dnia 9 listopada 2015 r. w sprawie wymaga\u0144 jakim powinna odpowiada\u0107 woda na p\u0142ywalniach (Dz.U. z 2022 r. poz. 1230).BASEN &#8211; LODOWISKOObiekt jest usytuowany we Wrze\u015bni przy ul. Gnie\u017anie\u0144skiej 32a. W jego sk\u0142ad wchodz\u0105: &#8211; niecka basenu do p\u0142ywania d\u0142ugo\u015b\u0107 basenu 25 m, g\u0142\u0119boko\u015b\u0107 [&hellip;]<\/p>\n","protected":false},"author":1,"featured_media":0,"parent":0,"menu_order":0,"comment_status":"closed","ping_status":"closed","template":"","meta":{"_et_pb_use_builder":"on","_et_pb_old_content":"","_et_gb_content_width":"","footnotes":""},"class_list":["post-1401","page","type-page","status-publish","hentry"],"_links":{"self":[{"href":"https:\/\/wosr.wrzesnia.pl\/index.php?rest_route=\/wp\/v2\/pages\/1401","targetHints":{"allow":["GET"]}}],"collection":[{"href":"https:\/\/wosr.wrzesnia.pl\/index.php?rest_route=\/wp\/v2\/pages"}],"about":[{"href":"https:\/\/wosr.wrzesnia.pl\/index.php?rest_route=\/wp\/v2\/types\/page"}],"author":[{"embeddable":true,"href":"https:\/\/wosr.wrzesnia.pl\/index.php?rest_route=\/wp\/v2\/users\/1"}],"replies":[{"embeddable":true,"href":"https:\/\/wosr.wrzesnia.pl\/index.php?rest_route=%2Fwp%2Fv2%2Fcomments&post=1401"}],"version-history":[{"count":9,"href":"https:\/\/wosr.wrzesnia.pl\/index.php?rest_route=\/wp\/v2\/pages\/1401\/revisions"}],"predecessor-version":[{"id":1776,"href":"https:\/\/wosr.wrzesnia.pl\/index.php?rest_route=\/wp\/v2\/pages\/1401\/revisions\/1776"}],"wp:attachment":[{"href":"https:\/\/wosr.wrzesnia.pl\/index.php?rest_route=%2Fwp%2Fv2%2Fmedia&parent=1401"}],"curies":[{"name":"wp","href":"https:\/\/api.w.org\/{rel}","templated":true}]}}